{"id":2,"date":"2024-09-16T19:00:32","date_gmt":"2024-09-16T17:00:32","guid":{"rendered":"https:\/\/q6.qdarc.pl\/?page_id=2"},"modified":"2024-10-01T10:55:48","modified_gmt":"2024-10-01T08:55:48","slug":"przykladowa-strona","status":"publish","type":"page","link":"https:\/\/q6.qdarc.pl\/en\/","title":{"rendered":"Nora Studio"},"content":{"rendered":"<div data-elementor-type=\"wp-page\" data-elementor-id=\"2\" class=\"elementor elementor-2\">\n\t\t\t\t<div class=\"elementor-element elementor-element-e298c68 e-flex e-con-boxed e-con e-parent\" data-id=\"e298c68\" data-element_type=\"container\" data-settings=\"{&quot;background_background&quot;:&quot;classic&quot;}\">\n\t\t\t\t\t<div class=\"e-con-inner\">\n\t\t<div class=\"elementor-element elementor-element-5be8906 e-con-full e-flex e-con e-child\" data-id=\"5be8906\" data-element_type=\"container\">\n\t\t\t\t<div class=\"elementor-element elementor-element-8d41828 elementor-widget elementor-widget-heading\" data-id=\"8d41828\" data-element_type=\"widget\" data-widget_type=\"heading.default\">\n\t\t\t\t<div class=\"elementor-widget-container\">\n\t\t\t<h3 class=\"elementor-heading-title elementor-size-default\">Info<\/h3>\t\t<\/div>\n\t\t\t\t<\/div>\n\t\t\t\t<div class=\"elementor-element elementor-element-7d0408b elementor-widget elementor-widget-text-editor\" data-id=\"7d0408b\" data-element_type=\"widget\" data-widget_type=\"text-editor.default\">\n\t\t\t\t<div class=\"elementor-widget-container\">\n\t\t\t\t\t\t\t<p><span style=\"font-weight: 400;\">Nora Studio produces custom-made figurines. We carry out the entire process, from design to the finished packaged product. Depending on your needs, we perform 3D modeling, sculpture, 3D scanning, filament or resin prints, casting, design and production of boxes. We use various scales and a wide range of techniques and materials. We undertake both single orders and small series. We know how to work with a wide range of source materials. We create professional 3D models based on physical products, prototypes, photos or 2D drawings. Choose modern technology that suits your needs.<\/span><\/p>\t\t\t\t\t\t<\/div>\n\t\t\t\t<\/div>\n\t\t\t\t<\/div>\n\t\t<div class=\"elementor-element elementor-element-49de3de e-con-full e-flex e-con e-child\" data-id=\"49de3de\" data-element_type=\"container\" data-settings=\"{&quot;background_background&quot;:&quot;classic&quot;}\">\n\t\t\t\t<\/div>\n\t\t\t\t\t<\/div>\n\t\t\t\t<\/div>\n\t\t<div class=\"elementor-element elementor-element-d270829 e-flex e-con-boxed e-con e-parent\" data-id=\"d270829\" data-element_type=\"container\" id=\"galeria-realizacji\" data-settings=\"{&quot;background_background&quot;:&quot;classic&quot;}\">\n\t\t\t\t\t<div class=\"e-con-inner\">\n\t\t\t\t<div class=\"elementor-element elementor-element-6702d45 elementor-widget elementor-widget-heading\" data-id=\"6702d45\" data-element_type=\"widget\" data-widget_type=\"heading.default\">\n\t\t\t\t<div class=\"elementor-widget-container\">\n\t\t\t<h3 class=\"elementor-heading-title elementor-size-default\">Project gallery<\/h3>\t\t<\/div>\n\t\t\t\t<\/div>\n\t\t\t\t<div class=\"elementor-element elementor-element-d4063e5 gallery-spacing-custom elementor-widget elementor-widget-image-gallery\" data-id=\"d4063e5\" data-element_type=\"widget\" data-widget_type=\"image-gallery.default\">\n\t\t\t\t<div class=\"elementor-widget-container\">\n\t\t\t\t\t<div class=\"elementor-image-gallery\">\n\t\t\t<div id='gallery-1' class='gallery galleryid-2 gallery-columns-3 gallery-size-medium_large'><figure class='gallery-item'>\n\t\t\t<div class='gallery-icon landscape'>\n\t\t\t\t<a data-elementor-open-lightbox=\"yes\" data-elementor-lightbox-slideshow=\"d4063e5\" data-elementor-lightbox-title=\"Seria Statuetek Jubileuszowych 5 Lat, 10 Lat, 15 Lat, 2024 (150 szt.)\" data-e-action-hash=\"#elementor-action%3Aaction%3Dlightbox%26settings%3DeyJpZCI6MTAxLCJ1cmwiOiJodHRwczpcL1wvcTYucWRhcmMucGxcL3dwLWNvbnRlbnRcL3VwbG9hZHNcLzIwMjRcLzA5XC9Ob3JhX1N0dWRpb19BcnRpZmV4X1JhemVtX1N0YXR1ZXRraS53ZWJwIiwic2xpZGVzaG93IjoiZDQwNjNlNSJ9\" href='https:\/\/q6.qdarc.pl\/wp-content\/uploads\/2024\/09\/Nora_Studio_Artifex_Razem_Statuetki.webp'><img fetchpriority=\"high\" decoding=\"async\" width=\"768\" height=\"768\" src=\"https:\/\/q6.qdarc.pl\/wp-content\/uploads\/2024\/09\/Nora_Studio_Artifex_Razem_Statuetki-768x768.webp\" class=\"attachment-medium_large size-medium_large\" alt=\"\" srcset=\"https:\/\/q6.qdarc.pl\/wp-content\/uploads\/2024\/09\/Nora_Studio_Artifex_Razem_Statuetki-768x768.webp 768w, https:\/\/q6.qdarc.pl\/wp-content\/uploads\/2024\/09\/Nora_Studio_Artifex_Razem_Statuetki-300x300.webp 300w, https:\/\/q6.qdarc.pl\/wp-content\/uploads\/2024\/09\/Nora_Studio_Artifex_Razem_Statuetki-1024x1024.webp 1024w, https:\/\/q6.qdarc.pl\/wp-content\/uploads\/2024\/09\/Nora_Studio_Artifex_Razem_Statuetki-150x150.webp 150w, https:\/\/q6.qdarc.pl\/wp-content\/uploads\/2024\/09\/Nora_Studio_Artifex_Razem_Statuetki-1536x1536.webp 1536w, https:\/\/q6.qdarc.pl\/wp-content\/uploads\/2024\/09\/Nora_Studio_Artifex_Razem_Statuetki.webp 2048w\" sizes=\"(max-width: 768px) 100vw, 768px\" \/><\/a>\n\t\t\t<\/div><\/figure><figure class='gallery-item'>\n\t\t\t<div class='gallery-icon landscape'>\n\t\t\t\t<a data-elementor-open-lightbox=\"yes\" data-elementor-lightbox-slideshow=\"d4063e5\" data-elementor-lightbox-title=\"Statuetka Jubileuszowa 5 Lat, Odlew, \u017bywica, 80 x 80 x 170 mm, Drewniana podstawa, 80 x 80 x 50 mm, 2024 (70 szt.)\" data-e-action-hash=\"#elementor-action%3Aaction%3Dlightbox%26settings%3DeyJpZCI6OTksInVybCI6Imh0dHBzOlwvXC9xNi5xZGFyYy5wbFwvd3AtY29udGVudFwvdXBsb2Fkc1wvMjAyNFwvMDlcL05vcmFfU3R1ZGlvX0FydGlmZXhfNUxhdF9TdGF0dWV0a2Eud2VicCIsInNsaWRlc2hvdyI6ImQ0MDYzZTUifQ%3D%3D\" href='https:\/\/q6.qdarc.pl\/wp-content\/uploads\/2024\/09\/Nora_Studio_Artifex_5Lat_Statuetka.webp'><img decoding=\"async\" width=\"768\" height=\"768\" src=\"https:\/\/q6.qdarc.pl\/wp-content\/uploads\/2024\/09\/Nora_Studio_Artifex_5Lat_Statuetka-768x768.webp\" class=\"attachment-medium_large size-medium_large\" alt=\"\" srcset=\"https:\/\/q6.qdarc.pl\/wp-content\/uploads\/2024\/09\/Nora_Studio_Artifex_5Lat_Statuetka-768x768.webp 768w, https:\/\/q6.qdarc.pl\/wp-content\/uploads\/2024\/09\/Nora_Studio_Artifex_5Lat_Statuetka-300x300.webp 300w, https:\/\/q6.qdarc.pl\/wp-content\/uploads\/2024\/09\/Nora_Studio_Artifex_5Lat_Statuetka-1024x1024.webp 1024w, https:\/\/q6.qdarc.pl\/wp-content\/uploads\/2024\/09\/Nora_Studio_Artifex_5Lat_Statuetka-150x150.webp 150w, https:\/\/q6.qdarc.pl\/wp-content\/uploads\/2024\/09\/Nora_Studio_Artifex_5Lat_Statuetka-1536x1536.webp 1536w, https:\/\/q6.qdarc.pl\/wp-content\/uploads\/2024\/09\/Nora_Studio_Artifex_5Lat_Statuetka.webp 2048w\" sizes=\"(max-width: 768px) 100vw, 768px\" \/><\/a>\n\t\t\t<\/div><\/figure><figure class='gallery-item'>\n\t\t\t<div class='gallery-icon landscape'>\n\t\t\t\t<a data-elementor-open-lightbox=\"yes\" data-elementor-lightbox-slideshow=\"d4063e5\" data-elementor-lightbox-title=\"Statuetka Jubileuszowa 10 Lat, Odlew, \u017bywica, 80 x 80 x 215 mm, Drewniana podstawa, 80 x 80 x 50 mm, 2024 (40 szt.)\" data-e-action-hash=\"#elementor-action%3Aaction%3Dlightbox%26settings%3DeyJpZCI6OTgsInVybCI6Imh0dHBzOlwvXC9xNi5xZGFyYy5wbFwvd3AtY29udGVudFwvdXBsb2Fkc1wvMjAyNFwvMDlcL05vcmFfU3R1ZGlvX0FydGlmZXhfMTBMYXRfU3RhdHVldGthLndlYnAiLCJzbGlkZXNob3ciOiJkNDA2M2U1In0%3D\" href='https:\/\/q6.qdarc.pl\/wp-content\/uploads\/2024\/09\/Nora_Studio_Artifex_10Lat_Statuetka.webp'><img decoding=\"async\" width=\"768\" height=\"768\" src=\"https:\/\/q6.qdarc.pl\/wp-content\/uploads\/2024\/09\/Nora_Studio_Artifex_10Lat_Statuetka-768x768.webp\" class=\"attachment-medium_large size-medium_large\" alt=\"\" srcset=\"https:\/\/q6.qdarc.pl\/wp-content\/uploads\/2024\/09\/Nora_Studio_Artifex_10Lat_Statuetka-768x768.webp 768w, https:\/\/q6.qdarc.pl\/wp-content\/uploads\/2024\/09\/Nora_Studio_Artifex_10Lat_Statuetka-300x300.webp 300w, https:\/\/q6.qdarc.pl\/wp-content\/uploads\/2024\/09\/Nora_Studio_Artifex_10Lat_Statuetka-1024x1024.webp 1024w, https:\/\/q6.qdarc.pl\/wp-content\/uploads\/2024\/09\/Nora_Studio_Artifex_10Lat_Statuetka-150x150.webp 150w, https:\/\/q6.qdarc.pl\/wp-content\/uploads\/2024\/09\/Nora_Studio_Artifex_10Lat_Statuetka-1536x1536.webp 1536w, https:\/\/q6.qdarc.pl\/wp-content\/uploads\/2024\/09\/Nora_Studio_Artifex_10Lat_Statuetka.webp 2048w\" sizes=\"(max-width: 768px) 100vw, 768px\" \/><\/a>\n\t\t\t<\/div><\/figure><figure class='gallery-item'>\n\t\t\t<div class='gallery-icon landscape'>\n\t\t\t\t<a data-elementor-open-lightbox=\"yes\" data-elementor-lightbox-slideshow=\"d4063e5\" data-elementor-lightbox-title=\"Statuetka Jubileuszowa 15 Lat, Odlew, \u017bywica, 80 x 80 x 180 mm, Drewniana podstawa, 80 x 80 x 50 mm, 2024 (25 szt.)\" data-e-action-hash=\"#elementor-action%3Aaction%3Dlightbox%26settings%3DeyJpZCI6MTAwLCJ1cmwiOiJodHRwczpcL1wvcTYucWRhcmMucGxcL3dwLWNvbnRlbnRcL3VwbG9hZHNcLzIwMjRcLzA5XC9Ob3JhX1N0dWRpb19BcnRpZmV4XzE1TGF0X1N0YXR1ZXRrYS53ZWJwIiwic2xpZGVzaG93IjoiZDQwNjNlNSJ9\" href='https:\/\/q6.qdarc.pl\/wp-content\/uploads\/2024\/09\/Nora_Studio_Artifex_15Lat_Statuetka.webp'><img loading=\"lazy\" decoding=\"async\" width=\"768\" height=\"768\" src=\"https:\/\/q6.qdarc.pl\/wp-content\/uploads\/2024\/09\/Nora_Studio_Artifex_15Lat_Statuetka-768x768.webp\" class=\"attachment-medium_large size-medium_large\" alt=\"\" srcset=\"https:\/\/q6.qdarc.pl\/wp-content\/uploads\/2024\/09\/Nora_Studio_Artifex_15Lat_Statuetka-768x768.webp 768w, https:\/\/q6.qdarc.pl\/wp-content\/uploads\/2024\/09\/Nora_Studio_Artifex_15Lat_Statuetka-300x300.webp 300w, https:\/\/q6.qdarc.pl\/wp-content\/uploads\/2024\/09\/Nora_Studio_Artifex_15Lat_Statuetka-1024x1024.webp 1024w, https:\/\/q6.qdarc.pl\/wp-content\/uploads\/2024\/09\/Nora_Studio_Artifex_15Lat_Statuetka-150x150.webp 150w, https:\/\/q6.qdarc.pl\/wp-content\/uploads\/2024\/09\/Nora_Studio_Artifex_15Lat_Statuetka-1536x1536.webp 1536w, https:\/\/q6.qdarc.pl\/wp-content\/uploads\/2024\/09\/Nora_Studio_Artifex_15Lat_Statuetka.webp 2048w\" sizes=\"(max-width: 768px) 100vw, 768px\" \/><\/a>\n\t\t\t<\/div><\/figure><figure class='gallery-item'>\n\t\t\t<div class='gallery-icon landscape'>\n\t\t\t\t<a data-elementor-open-lightbox=\"yes\" data-elementor-lightbox-slideshow=\"d4063e5\" data-elementor-lightbox-title=\"Figurka, Druk 3D, \u017bywica, 36 x 30 x 65 mm, 2024 (90 szt.)\" data-e-action-hash=\"#elementor-action%3Aaction%3Dlightbox%26settings%3DeyJpZCI6MTAyLCJ1cmwiOiJodHRwczpcL1wvcTYucWRhcmMucGxcL3dwLWNvbnRlbnRcL3VwbG9hZHNcLzIwMjRcLzA5XC9Ob3JhX1N0dWRpb19Cb29tZXJfRmlndXJrYS53ZWJwIiwic2xpZGVzaG93IjoiZDQwNjNlNSJ9\" href='https:\/\/q6.qdarc.pl\/wp-content\/uploads\/2024\/09\/Nora_Studio_Boomer_Figurka.webp'><img loading=\"lazy\" decoding=\"async\" width=\"768\" height=\"768\" src=\"https:\/\/q6.qdarc.pl\/wp-content\/uploads\/2024\/09\/Nora_Studio_Boomer_Figurka-768x768.webp\" class=\"attachment-medium_large size-medium_large\" alt=\"\" srcset=\"https:\/\/q6.qdarc.pl\/wp-content\/uploads\/2024\/09\/Nora_Studio_Boomer_Figurka-768x768.webp 768w, https:\/\/q6.qdarc.pl\/wp-content\/uploads\/2024\/09\/Nora_Studio_Boomer_Figurka-300x300.webp 300w, https:\/\/q6.qdarc.pl\/wp-content\/uploads\/2024\/09\/Nora_Studio_Boomer_Figurka-1024x1024.webp 1024w, https:\/\/q6.qdarc.pl\/wp-content\/uploads\/2024\/09\/Nora_Studio_Boomer_Figurka-150x150.webp 150w, https:\/\/q6.qdarc.pl\/wp-content\/uploads\/2024\/09\/Nora_Studio_Boomer_Figurka-1536x1536.webp 1536w, https:\/\/q6.qdarc.pl\/wp-content\/uploads\/2024\/09\/Nora_Studio_Boomer_Figurka.webp 2048w\" sizes=\"(max-width: 768px) 100vw, 768px\" \/><\/a>\n\t\t\t<\/div><\/figure><figure class='gallery-item'>\n\t\t\t<div class='gallery-icon landscape'>\n\t\t\t\t<a data-elementor-open-lightbox=\"yes\" data-elementor-lightbox-slideshow=\"d4063e5\" data-elementor-lightbox-title=\"Figurka, Pude\u0142ko, Kreta mat 300 gsm, Folia b\u0142ysk, 60 x 60 x 105 mm, 2024 (90 szt.)\" data-e-action-hash=\"#elementor-action%3Aaction%3Dlightbox%26settings%3DeyJpZCI6MTAzLCJ1cmwiOiJodHRwczpcL1wvcTYucWRhcmMucGxcL3dwLWNvbnRlbnRcL3VwbG9hZHNcLzIwMjRcLzA5XC9Ob3JhX1N0dWRpb19Cb29tZXJfRmlndXJrYV9QdWRlbGtvLndlYnAiLCJzbGlkZXNob3ciOiJkNDA2M2U1In0%3D\" href='https:\/\/q6.qdarc.pl\/wp-content\/uploads\/2024\/09\/Nora_Studio_Boomer_Figurka_Pudelko.webp'><img loading=\"lazy\" decoding=\"async\" width=\"768\" height=\"768\" src=\"https:\/\/q6.qdarc.pl\/wp-content\/uploads\/2024\/09\/Nora_Studio_Boomer_Figurka_Pudelko-768x768.webp\" class=\"attachment-medium_large size-medium_large\" alt=\"\" srcset=\"https:\/\/q6.qdarc.pl\/wp-content\/uploads\/2024\/09\/Nora_Studio_Boomer_Figurka_Pudelko-768x768.webp 768w, https:\/\/q6.qdarc.pl\/wp-content\/uploads\/2024\/09\/Nora_Studio_Boomer_Figurka_Pudelko-300x300.webp 300w, https:\/\/q6.qdarc.pl\/wp-content\/uploads\/2024\/09\/Nora_Studio_Boomer_Figurka_Pudelko-1024x1024.webp 1024w, https:\/\/q6.qdarc.pl\/wp-content\/uploads\/2024\/09\/Nora_Studio_Boomer_Figurka_Pudelko-150x150.webp 150w, https:\/\/q6.qdarc.pl\/wp-content\/uploads\/2024\/09\/Nora_Studio_Boomer_Figurka_Pudelko-1536x1536.webp 1536w, https:\/\/q6.qdarc.pl\/wp-content\/uploads\/2024\/09\/Nora_Studio_Boomer_Figurka_Pudelko.webp 2048w\" sizes=\"(max-width: 768px) 100vw, 768px\" \/><\/a>\n\t\t\t<\/div><\/figure><figure class='gallery-item'>\n\t\t\t<div class='gallery-icon landscape'>\n\t\t\t\t<a data-elementor-open-lightbox=\"yes\" data-elementor-lightbox-slideshow=\"d4063e5\" data-elementor-lightbox-title=\"Gablota, Druk 3D, \u017bywica, 54 x 20 x 76 mm, 2024 (40 szt.)\" data-e-action-hash=\"#elementor-action%3Aaction%3Dlightbox%26settings%3DeyJpZCI6MTI2LCJ1cmwiOiJodHRwczpcL1wvcTYucWRhcmMucGxcL3dwLWNvbnRlbnRcL3VwbG9hZHNcLzIwMjRcLzEwXC9Ob3JhX1N0dWRpb19HYWJsb3RhX1phbWtuaWV0YS53ZWJwIiwic2xpZGVzaG93IjoiZDQwNjNlNSJ9\" href='https:\/\/q6.qdarc.pl\/wp-content\/uploads\/2024\/10\/Nora_Studio_Gablota_Zamknieta.webp'><img loading=\"lazy\" decoding=\"async\" width=\"768\" height=\"768\" src=\"https:\/\/q6.qdarc.pl\/wp-content\/uploads\/2024\/10\/Nora_Studio_Gablota_Zamknieta-768x768.webp\" class=\"attachment-medium_large size-medium_large\" alt=\"\" srcset=\"https:\/\/q6.qdarc.pl\/wp-content\/uploads\/2024\/10\/Nora_Studio_Gablota_Zamknieta-768x768.webp 768w, https:\/\/q6.qdarc.pl\/wp-content\/uploads\/2024\/10\/Nora_Studio_Gablota_Zamknieta-300x300.webp 300w, https:\/\/q6.qdarc.pl\/wp-content\/uploads\/2024\/10\/Nora_Studio_Gablota_Zamknieta-1024x1024.webp 1024w, https:\/\/q6.qdarc.pl\/wp-content\/uploads\/2024\/10\/Nora_Studio_Gablota_Zamknieta-150x150.webp 150w, https:\/\/q6.qdarc.pl\/wp-content\/uploads\/2024\/10\/Nora_Studio_Gablota_Zamknieta-1536x1536.webp 1536w, https:\/\/q6.qdarc.pl\/wp-content\/uploads\/2024\/10\/Nora_Studio_Gablota_Zamknieta-12x12.webp 12w, https:\/\/q6.qdarc.pl\/wp-content\/uploads\/2024\/10\/Nora_Studio_Gablota_Zamknieta.webp 2048w\" sizes=\"(max-width: 768px) 100vw, 768px\" \/><\/a>\n\t\t\t<\/div><\/figure><figure class='gallery-item'>\n\t\t\t<div class='gallery-icon landscape'>\n\t\t\t\t<a data-elementor-open-lightbox=\"yes\" data-elementor-lightbox-slideshow=\"d4063e5\" data-elementor-lightbox-title=\"Gablota, Druk 3D, \u017bywica, 100 x 25 x 76 mm, 2024 (40 szt.)\" data-e-action-hash=\"#elementor-action%3Aaction%3Dlightbox%26settings%3DeyJpZCI6MTA0LCJ1cmwiOiJodHRwczpcL1wvcTYucWRhcmMucGxcL3dwLWNvbnRlbnRcL3VwbG9hZHNcLzIwMjRcLzA5XC9Ob3JhX1N0dWRpb19HYWJsb3RhX090d2FydGEud2VicCIsInNsaWRlc2hvdyI6ImQ0MDYzZTUifQ%3D%3D\" href='https:\/\/q6.qdarc.pl\/wp-content\/uploads\/2024\/09\/Nora_Studio_Gablota_Otwarta.webp'><img loading=\"lazy\" decoding=\"async\" width=\"768\" height=\"768\" src=\"https:\/\/q6.qdarc.pl\/wp-content\/uploads\/2024\/09\/Nora_Studio_Gablota_Otwarta-768x768.webp\" class=\"attachment-medium_large size-medium_large\" alt=\"\" srcset=\"https:\/\/q6.qdarc.pl\/wp-content\/uploads\/2024\/09\/Nora_Studio_Gablota_Otwarta-768x768.webp 768w, https:\/\/q6.qdarc.pl\/wp-content\/uploads\/2024\/09\/Nora_Studio_Gablota_Otwarta-300x300.webp 300w, https:\/\/q6.qdarc.pl\/wp-content\/uploads\/2024\/09\/Nora_Studio_Gablota_Otwarta-1024x1024.webp 1024w, https:\/\/q6.qdarc.pl\/wp-content\/uploads\/2024\/09\/Nora_Studio_Gablota_Otwarta-150x150.webp 150w, https:\/\/q6.qdarc.pl\/wp-content\/uploads\/2024\/09\/Nora_Studio_Gablota_Otwarta-1536x1536.webp 1536w, https:\/\/q6.qdarc.pl\/wp-content\/uploads\/2024\/09\/Nora_Studio_Gablota_Otwarta.webp 2048w\" sizes=\"(max-width: 768px) 100vw, 768px\" \/><\/a>\n\t\t\t<\/div><\/figure><figure class='gallery-item'>\n\t\t\t<div class='gallery-icon landscape'>\n\t\t\t\t<a data-elementor-open-lightbox=\"yes\" data-elementor-lightbox-slideshow=\"d4063e5\" data-elementor-lightbox-title=\"Gablota, Pude\u0142ko, Kreta mat 300 gsm, Folia b\u0142ysk, 60 x 60 x 105 mm, 2024 (40 szt.)\" data-e-action-hash=\"#elementor-action%3Aaction%3Dlightbox%26settings%3DeyJpZCI6MTA1LCJ1cmwiOiJodHRwczpcL1wvcTYucWRhcmMucGxcL3dwLWNvbnRlbnRcL3VwbG9hZHNcLzIwMjRcLzA5XC9Ob3JhX1N0dWRpb19HYWJsb3RhX1B1ZGVsa28ud2VicCIsInNsaWRlc2hvdyI6ImQ0MDYzZTUifQ%3D%3D\" href='https:\/\/q6.qdarc.pl\/wp-content\/uploads\/2024\/09\/Nora_Studio_Gablota_Pudelko.webp'><img loading=\"lazy\" decoding=\"async\" width=\"768\" height=\"768\" src=\"https:\/\/q6.qdarc.pl\/wp-content\/uploads\/2024\/09\/Nora_Studio_Gablota_Pudelko-768x768.webp\" class=\"attachment-medium_large size-medium_large\" alt=\"\" srcset=\"https:\/\/q6.qdarc.pl\/wp-content\/uploads\/2024\/09\/Nora_Studio_Gablota_Pudelko-768x768.webp 768w, https:\/\/q6.qdarc.pl\/wp-content\/uploads\/2024\/09\/Nora_Studio_Gablota_Pudelko-300x300.webp 300w, https:\/\/q6.qdarc.pl\/wp-content\/uploads\/2024\/09\/Nora_Studio_Gablota_Pudelko-1024x1024.webp 1024w, https:\/\/q6.qdarc.pl\/wp-content\/uploads\/2024\/09\/Nora_Studio_Gablota_Pudelko-150x150.webp 150w, https:\/\/q6.qdarc.pl\/wp-content\/uploads\/2024\/09\/Nora_Studio_Gablota_Pudelko-1536x1536.webp 1536w, https:\/\/q6.qdarc.pl\/wp-content\/uploads\/2024\/09\/Nora_Studio_Gablota_Pudelko.webp 2048w\" sizes=\"(max-width: 768px) 100vw, 768px\" \/><\/a>\n\t\t\t<\/div><\/figure>\n\t\t<\/div>\n\t\t<\/div>\n\t\t\t\t<\/div>\n\t\t\t\t<\/div>\n\t\t\t\t\t<\/div>\n\t\t\t\t<\/div>\n\t\t<div class=\"elementor-element elementor-element-d07805a e-flex e-con-boxed e-con e-parent\" data-id=\"d07805a\" data-element_type=\"container\" id=\"kontakt\" data-settings=\"{&quot;background_background&quot;:&quot;classic&quot;}\">\n\t\t\t\t\t<div class=\"e-con-inner\">\n\t\t\t\t<div class=\"elementor-element elementor-element-056b98b elementor-widget elementor-widget-heading\" data-id=\"056b98b\" data-element_type=\"widget\" data-widget_type=\"heading.default\">\n\t\t\t\t<div class=\"elementor-widget-container\">\n\t\t\t<h3 class=\"elementor-heading-title elementor-size-default\">Contact<\/h3>\t\t<\/div>\n\t\t\t\t<\/div>\n\t\t\t\t<div class=\"elementor-element elementor-element-2e02924 elementor-align-left elementor-list-item-link-full_width elementor-widget elementor-widget-icon-list\" data-id=\"2e02924\" data-element_type=\"widget\" data-widget_type=\"icon-list.default\">\n\t\t\t\t<div class=\"elementor-widget-container\">\n\t\t\t\t\t<ul class=\"elementor-icon-list-items\">\n\t\t\t\t\t\t\t<li class=\"elementor-icon-list-item\">\n\t\t\t\t\t\t\t\t\t\t\t<span class=\"elementor-icon-list-icon\">\n\t\t\t\t\t\t\t<svg aria-hidden=\"true\" class=\"e-font-icon-svg e-fas-envelope\" viewbox=\"0 0 512 512\" xmlns=\"http:\/\/www.w3.org\/2000\/svg\"><path d=\"M502.3 190.8c3.9-3.1 9.7-.2 9.7 4.7V400c0 26.5-21.5 48-48 48H48c-26.5 0-48-21.5-48-48V195.6c0-5 5.7-7.8 9.7-4.7 22.4 17.4 52.1 39.5 154.1 113.6 21.1 15.4 56.7 47.8 92.2 47.6 35.7.3 72-32.8 92.3-47.6 102-74.1 131.6-96.3 154-113.7zM256 320c23.2.4 56.6-29.2 73.4-41.4 132.7-96.3 142.8-104.7 173.4-128.7 5.8-4.5 9.2-11.5 9.2-18.9v-19c0-26.5-21.5-48-48-48H48C21.5 64 0 85.5 0 112v19c0 7.4 3.4 14.3 9.2 18.9 30.6 23.9 40.7 32.4 173.4 128.7 16.8 12.2 50.2 41.8 73.4 41.4z\"><\/path><\/svg>\t\t\t\t\t\t<\/span>\n\t\t\t\t\t\t\t\t\t\t<span class=\"elementor-icon-list-text\">wejscie@norastudio.pl<\/span>\n\t\t\t\t\t\t\t\t\t<\/li>\n\t\t\t\t\t\t\t\t<li class=\"elementor-icon-list-item\">\n\t\t\t\t\t\t\t\t\t\t\t<span class=\"elementor-icon-list-icon\">\n\t\t\t\t\t\t\t<svg aria-hidden=\"true\" class=\"e-font-icon-svg e-fas-phone-alt\" viewbox=\"0 0 512 512\" xmlns=\"http:\/\/www.w3.org\/2000\/svg\"><path d=\"M497.39 361.8l-112-48a24 24 0 0 0-28 6.9l-49.6 60.6A370.66 370.66 0 0 1 130.6 204.11l60.6-49.6a23.94 23.94 0 0 0 6.9-28l-48-112A24.16 24.16 0 0 0 122.6.61l-104 24A24 24 0 0 0 0 48c0 256.5 207.9 464 464 464a24 24 0 0 0 23.4-18.6l24-104a24.29 24.29 0 0 0-14.01-27.6z\"><\/path><\/svg>\t\t\t\t\t\t<\/span>\n\t\t\t\t\t\t\t\t\t\t<span class=\"elementor-icon-list-text\">+48 889 719 482<\/span>\n\t\t\t\t\t\t\t\t\t<\/li>\n\t\t\t\t\t\t<\/ul>\n\t\t\t\t<\/div>\n\t\t\t\t<\/div>\n\t\t\t\t\t<\/div>\n\t\t\t\t<\/div>\n\t\t\t\t<\/div>","protected":false},"excerpt":{"rendered":"<p>Info Nora Studio zajmuje si\u0119 realizacj\u0105 figurek na indywidualne zam\u00f3wienie. Realizujemy ca\u0142y proces, od projektu do sko\u0144czonego zapakowanego produktu. W zale\u017cno\u015bci od potrzeb wykonujemy modelowanie 3D, rze\u017ab\u0119, skanowanie 3D, wydruki filamentowe lub \u017cywiczne, odlewy, projektowanie i realizacja pude\u0142ek. Stosujemy r\u00f3\u017cn\u0105 skal\u0119 oraz szerok\u0105 gam\u0119 technik i materia\u0142\u00f3w. Podejmujemy si\u0119 wykonania zar\u00f3wno pojedynczych zlece\u0144 jak i [&hellip;]<\/p>","protected":false},"author":1,"featured_media":0,"parent":0,"menu_order":0,"comment_status":"closed","ping_status":"open","template":"","meta":{"footnotes":""},"class_list":["post-2","page","type-page","status-publish","hentry"],"_links":{"self":[{"href":"https:\/\/q6.qdarc.pl\/en\/wp-json\/wp\/v2\/pages\/2","targetHints":{"allow":["GET"]}}],"collection":[{"href":"https:\/\/q6.qdarc.pl\/en\/wp-json\/wp\/v2\/pages"}],"about":[{"href":"https:\/\/q6.qdarc.pl\/en\/wp-json\/wp\/v2\/types\/page"}],"author":[{"embeddable":true,"href":"https:\/\/q6.qdarc.pl\/en\/wp-json\/wp\/v2\/users\/1"}],"replies":[{"embeddable":true,"href":"https:\/\/q6.qdarc.pl\/en\/wp-json\/wp\/v2\/comments?post=2"}],"version-history":[{"count":50,"href":"https:\/\/q6.qdarc.pl\/en\/wp-json\/wp\/v2\/pages\/2\/revisions"}],"predecessor-version":[{"id":132,"href":"https:\/\/q6.qdarc.pl\/en\/wp-json\/wp\/v2\/pages\/2\/revisions\/132"}],"wp:attachment":[{"href":"https:\/\/q6.qdarc.pl\/en\/wp-json\/wp\/v2\/media?parent=2"}],"curies":[{"name":"wp","href":"https:\/\/api.w.org\/{rel}","templated":true}]}}